{"id":25,"date":"2025-01-13T18:06:21","date_gmt":"2025-01-13T17:06:21","guid":{"rendered":"https:\/\/neu.tierphysio-thp-lutz.de\/?page_id=25"},"modified":"2025-03-10T13:12:51","modified_gmt":"2025-03-10T12:12:51","slug":"ueber-mich","status":"publish","type":"page","link":"https:\/\/tierphysio-thp-lutz.de\/index.php\/ueber-mich\/","title":{"rendered":"\u00dcBER MICH"},"content":{"rendered":"<div  class='flex_column av-7qk11-8640d1be242794c6dac31ebc23db4e63 av_one_full  avia-builder-el-0  el_before_av_hr  avia-builder-el-first  first flex_column_div  '     ><style type=\"text\/css\" data-created_by=\"avia_inline_auto\" id=\"style-css-av-m698hj3i-2ec5808e8e95992606c8c5dca9ba183c\">\n.avia-image-container.av-m698hj3i-2ec5808e8e95992606c8c5dca9ba183c img.avia_image{\nbox-shadow:none;\n}\n.avia-image-container.av-m698hj3i-2ec5808e8e95992606c8c5dca9ba183c .av-image-caption-overlay-center{\ncolor:#ffffff;\n}\n<\/style>\n<div  class='avia-image-container av-m698hj3i-2ec5808e8e95992606c8c5dca9ba183c av-styling- avia-align-center  avia-builder-el-1  avia-builder-el-no-sibling '   itemprop=\"image\" itemscope=\"itemscope\" itemtype=\"https:\/\/schema.org\/ImageObject\" ><div class=\"avia-image-container-inner\"><div class=\"avia-image-overlay-wrap\"><img decoding=\"async\" fetchpriority=\"high\" class='wp-image-1078 avia-img-lazy-loading-not-1078 avia_image ' src=\"https:\/\/tierphysio-thp-lutz.de\/wp-content\/uploads\/2025\/03\/AngelikaLutz-Tierphysio-about2.jpg\" alt='' title='AngelikaLutz-Tierphysio-about2'  height=\"852\" width=\"1772\"  itemprop=\"thumbnailUrl\" srcset=\"https:\/\/tierphysio-thp-lutz.de\/wp-content\/uploads\/2025\/03\/AngelikaLutz-Tierphysio-about2.jpg 1772w, https:\/\/tierphysio-thp-lutz.de\/wp-content\/uploads\/2025\/03\/AngelikaLutz-Tierphysio-about2-300x144.jpg 300w, https:\/\/tierphysio-thp-lutz.de\/wp-content\/uploads\/2025\/03\/AngelikaLutz-Tierphysio-about2-1030x495.jpg 1030w, https:\/\/tierphysio-thp-lutz.de\/wp-content\/uploads\/2025\/03\/AngelikaLutz-Tierphysio-about2-768x369.jpg 768w, https:\/\/tierphysio-thp-lutz.de\/wp-content\/uploads\/2025\/03\/AngelikaLutz-Tierphysio-about2-1536x739.jpg 1536w, https:\/\/tierphysio-thp-lutz.de\/wp-content\/uploads\/2025\/03\/AngelikaLutz-Tierphysio-about2-1500x721.jpg 1500w, https:\/\/tierphysio-thp-lutz.de\/wp-content\/uploads\/2025\/03\/AngelikaLutz-Tierphysio-about2-705x339.jpg 705w\" sizes=\"(max-width: 1772px) 100vw, 1772px\" \/><\/div><\/div><\/div><\/div>\n<style type=\"text\/css\" data-created_by=\"avia_inline_auto\" id=\"style-css-av-6qdpp-f3deab27e66297907644c067d3a95184\">\n#top .hr.hr-invisible.av-6qdpp-f3deab27e66297907644c067d3a95184{\nheight:20px;\n}\n<\/style>\n<div  class='hr av-6qdpp-f3deab27e66297907644c067d3a95184 hr-invisible  avia-builder-el-2  el_after_av_one_full  el_before_av_textblock '><span class='hr-inner '><span class=\"hr-inner-style\"><\/span><\/span><\/div><\/p>\n\n<style type=\"text\/css\" data-created_by=\"avia_inline_auto\" id=\"style-css-av-m698huea-2ed595c97bdc4f836df6a57739ac4e76\">\n#top .av_textblock_section.av-m698huea-2ed595c97bdc4f836df6a57739ac4e76 .avia_textblock{\nfont-size:30px;\n}\n<\/style>\n<section  class='av_textblock_section av-m698huea-2ed595c97bdc4f836df6a57739ac4e76 '   itemscope=\"itemscope\" itemtype=\"https:\/\/schema.org\/CreativeWork\" ><div class='avia_textblock'  itemprop=\"text\" ><p style=\"text-align: center;\"><strong><em>Alles hat eine Geschichte<br \/>\n<\/em><\/strong><\/p>\n<\/div><\/section>\n\n<style type=\"text\/css\" data-created_by=\"avia_inline_auto\" id=\"style-css-av-m6autf5e-f6efe16dcec91cf75be3bf3068a61b14\">\n#top .hr.hr-invisible.av-m6autf5e-f6efe16dcec91cf75be3bf3068a61b14{\nheight:20px;\n}\n<\/style>\n<div  class='hr av-m6autf5e-f6efe16dcec91cf75be3bf3068a61b14 hr-invisible  avia-builder-el-4  el_after_av_textblock  el_before_av_textblock '><span class='hr-inner '><span class=\"hr-inner-style\"><\/span><\/span><\/div>\n\n<style type=\"text\/css\" data-created_by=\"avia_inline_auto\" id=\"style-css-av-m698i5dd-7b7251d08a29c76abd0989e3e5cd783d\">\n#top .av_textblock_section.av-m698i5dd-7b7251d08a29c76abd0989e3e5cd783d .avia_textblock{\nfont-size:16px;\ncolor:#000000;\n}\n<\/style>\n<section  class='av_textblock_section av-m698i5dd-7b7251d08a29c76abd0989e3e5cd783d '   itemscope=\"itemscope\" itemtype=\"https:\/\/schema.org\/CreativeWork\" ><div class='avia_textblock av_inherit_color'  itemprop=\"text\" ><p class=\"start\" style=\"text-align: center;\"><em><strong>Von Tieren und Menschen<br \/>\n<\/strong><\/em><\/p>\n<\/div><\/section>\n\n<style type=\"text\/css\" data-created_by=\"avia_inline_auto\" id=\"style-css-av-m698ieoy-5e4235291f372965b1658754eccee370\">\n#top .av_textblock_section.av-m698ieoy-5e4235291f372965b1658754eccee370 .avia_textblock{\nfont-size:16px;\ncolor:#000000;\n}\n<\/style>\n<section  class='av_textblock_section av-m698ieoy-5e4235291f372965b1658754eccee370 '   itemscope=\"itemscope\" itemtype=\"https:\/\/schema.org\/CreativeWork\" ><div class='avia_textblock av_inherit_color'  itemprop=\"text\" ><p style=\"text-align: center;\">Seit 2004 folge ich meiner Leidenschaft f\u00fcr den heilpraktischen Behandlungsansatz beim Tier \u2013 in mobiler Praxis und im Hauptberuf. Dabei sind meine Patienten vor allem Pferde und Hunde. In der Praxis arbeite ich vorwiegend mit energetischer Osteopathie, Hom\u00f6opathie und Akupunktur. Diese Methoden haben sich bew\u00e4hrt und als sehr wirkungsvoll erwiesen und werden von den Tieren als sanft und wohltuend empfunden.<\/p>\n<p style=\"text-align: center;\">\u00dcbrigens arbeite ich nicht nur gerne mit Tieren sondern auch mit Menschen. Deshalb habe ich mich in den letzten gut zwanzig Jahren in familiensystemischer Arbeit und seit 2021 auch in Gestalttherapie weitergebildet. Beide Methoden sind schon vom Ansatz her l\u00f6sungs- und erfahrungsorientiert und sind oft hilfreich bei ganz unterschiedlichen Fragen und Situationen. Seit Januar 2023 bin ich in Bonn als HP Psychotherapie in eigener Praxis niedergelassen.<\/p>\n<p style=\"text-align: center;\">Sprechen sie mich sehr gerne an!<\/p>\n<\/div><\/section>\n<div  class='flex_column av-m6gcgfac-8ae4d5a7110954637e7c4a2e331d1629 av_one_third  avia-builder-el-7  el_after_av_textblock  el_before_av_one_third  first flex_column_div  column-top-margin'     ><\/div>\n<div  class='flex_column av-1cxz9-6bb991ed355ad71b9efd2dfb80b0c80e av_one_third  avia-builder-el-8  el_after_av_one_third  el_before_av_one_third  flex_column_div  column-top-margin'     ><div  class='avia-button-wrap av-m6gcm4zh-05cfa879fcb2ac49bb5427f0b83764d4-wrap avia-button-center  avia-builder-el-9  avia-builder-el-no-sibling '>\n<style type=\"text\/css\" data-created_by=\"avia_inline_auto\" id=\"style-css-av-m6gcm4zh-05cfa879fcb2ac49bb5427f0b83764d4\">\n#top #wrap_all .avia-button.av-m6gcm4zh-05cfa879fcb2ac49bb5427f0b83764d4{\nbackground-color:#b6a68e;\nborder-color:#b6a68e;\ncolor:#ffffff;\ntransition:all 0.4s ease-in-out;\n}\n#top #wrap_all .avia-button.av-m6gcm4zh-05cfa879fcb2ac49bb5427f0b83764d4 .avia-svg-icon svg:first-child{\nfill:#ffffff;\nstroke:#ffffff;\n}\n<\/style>\n<a href='https:\/\/angelikalutz.de\/'  class='avia-button av-m6gcm4zh-05cfa879fcb2ac49bb5427f0b83764d4 av-link-btn avia-icon_select-no avia-size-large avia-position-center'   aria-label=\"ANGELIKA LUTZ . PRAXIS BONN\"><span class='avia_iconbox_title' >ANGELIKA LUTZ . PRAXIS BONN<\/span><\/a><\/div><\/div>\n<div  class='flex_column av-16fc1-5029fd0083fcf34764e2b053a2f1b74b av_one_third  avia-builder-el-10  el_after_av_one_third  el_before_av_hr  flex_column_div  column-top-margin'     ><\/div>\n\n<style type=\"text\/css\" data-created_by=\"avia_inline_auto\" id=\"style-css-av-5u9ul-7c454dbf6d4ecd903fab64fd761d2792\">\n#top .hr.hr-invisible.av-5u9ul-7c454dbf6d4ecd903fab64fd761d2792{\nheight:20px;\n}\n<\/style>\n<div  class='hr av-5u9ul-7c454dbf6d4ecd903fab64fd761d2792 hr-invisible  avia-builder-el-11  el_after_av_one_third  el_before_av_hr '><span class='hr-inner '><span class=\"hr-inner-style\"><\/span><\/span><\/div>\n\n<style type=\"text\/css\" data-created_by=\"avia_inline_auto\" id=\"style-css-av-q2g1-5ee0a09bf8df60e23d094f491468dbd1\">\n#top .hr.hr-invisible.av-q2g1-5ee0a09bf8df60e23d094f491468dbd1{\nheight:20px;\n}\n<\/style>\n<div  class='hr av-q2g1-5ee0a09bf8df60e23d094f491468dbd1 hr-invisible  avia-builder-el-12  el_after_av_hr  el_before_av_one_full '><span class='hr-inner '><span class=\"hr-inner-style\"><\/span><\/span><\/div>\n<div  class='flex_column av-4vt9h-9370f0f859d2fc4cd902c94e8f262ec2 av_one_full  avia-builder-el-13  el_after_av_hr  el_before_av_textblock  first flex_column_div  '     ><style type=\"text\/css\" data-created_by=\"avia_inline_auto\" id=\"style-css-av-m698j6ac-a8e3db3b8174a0f9d63a83ebec63ec7a\">\n#top .av_textblock_section.av-m698j6ac-a8e3db3b8174a0f9d63a83ebec63ec7a .avia_textblock{\nfont-size:16px;\ncolor:#000000;\n}\n<\/style>\n<section  class='av_textblock_section av-m698j6ac-a8e3db3b8174a0f9d63a83ebec63ec7a '   itemscope=\"itemscope\" itemtype=\"https:\/\/schema.org\/CreativeWork\" ><div class='avia_textblock av_inherit_color'  itemprop=\"text\" ><p class=\"start\" style=\"text-align: center;\"><em><strong>Neben der praktischen Arbeit am Tier halte ich regelm\u00e4\u00dfig Vortr\u00e4ge, biete Workshops an und gebe Seminare.\u2028Bitte fragen Sie wenn Sie mehr wissen m\u00f6chten oder schauen gleich hier:<br \/>\n<\/strong><\/em><\/p>\n<\/div><\/section><br \/>\n\n<style type=\"text\/css\" data-created_by=\"avia_inline_auto\" id=\"style-css-av-4kjxt-748651be592f7de5468dc7e5183a809c\">\n#top .hr.hr-invisible.av-4kjxt-748651be592f7de5468dc7e5183a809c{\nheight:20px;\n}\n<\/style>\n<div  class='hr av-4kjxt-748651be592f7de5468dc7e5183a809c hr-invisible  avia-builder-el-15  el_after_av_textblock  el_before_av_button_big  avia-builder-el-last '><span class='hr-inner '><span class=\"hr-inner-style\"><\/span><\/span><\/div><br \/>\n<div  class='avia-button-wrap avia-button-center  avia-builder-el-16  el_after_av_hr  el_before_av_hr '>\n<style type=\"text\/css\" data-created_by=\"avia_inline_auto\" id=\"style-css-av-3sv6h-41b2421192fdf52ef208bc99442ec2ea\">\n#top #wrap_all .avia-button.av-3sv6h-41b2421192fdf52ef208bc99442ec2ea:hover{\ncolor:white;\ntransition:all 0.4s ease-in-out;\n}\n#top #wrap_all .avia-button.av-3sv6h-41b2421192fdf52ef208bc99442ec2ea:hover .avia-svg-icon svg:first-child{\nfill:white;\nstroke:white;\n}\n<\/style>\n<a href='https:\/\/tierphysio-thp-lutz.de\/index.php\/termine\/' class='avia-color-theme-color avia-font-color-theme-color avia-button avia-button-fullwidth av-3sv6h-41b2421192fdf52ef208bc99442ec2ea avia-icon_select-no avia-color-theme-color'   aria-label=\"TERMINE, WORKSHOPS &amp; SEMINARE\"><span class='avia_iconbox_title' >TERMINE, WORKSHOPS & SEMINARE<\/span><span class='avia_button_background avia-button avia-button-fullwidth avia-color-theme-color-highlight'><\/span><\/a><\/div><br \/>\n\n<style type=\"text\/css\" data-created_by=\"avia_inline_auto\" id=\"style-css-av-39481-363f347a323aac39da52ca547b59354c\">\n#top .hr.hr-invisible.av-39481-363f347a323aac39da52ca547b59354c{\nheight:20px;\n}\n<\/style>\n<div  class='hr av-39481-363f347a323aac39da52ca547b59354c hr-invisible  avia-builder-el-17  el_after_av_button_big  el_before_av_hr  avia-builder-el-first '><span class='hr-inner '><span class=\"hr-inner-style\"><\/span><\/span><\/div><br \/>\n\n<style type=\"text\/css\" data-created_by=\"avia_inline_auto\" id=\"style-css-av-2ymit-5ef0714f27ff141dc4e1b2afcd8591f9\">\n#top .hr.hr-invisible.av-2ymit-5ef0714f27ff141dc4e1b2afcd8591f9{\nheight:20px;\n}\n<\/style>\n<div  class='hr av-2ymit-5ef0714f27ff141dc4e1b2afcd8591f9 hr-invisible  avia-builder-el-18  el_after_av_hr  avia-builder-el-last '><span class='hr-inner '><span class=\"hr-inner-style\"><\/span><\/span><\/div><\/p><\/div>\n\n<style type=\"text\/css\" data-created_by=\"avia_inline_auto\" id=\"style-css-av-m698jzji-cca75dab1cfeb001b1518b433722d242\">\n#top .av_textblock_section.av-m698jzji-cca75dab1cfeb001b1518b433722d242 .avia_textblock{\nfont-size:16px;\ncolor:#000000;\n}\n<\/style>\n<section  class='av_textblock_section av-m698jzji-cca75dab1cfeb001b1518b433722d242 '   itemscope=\"itemscope\" itemtype=\"https:\/\/schema.org\/CreativeWork\" ><div class='avia_textblock av_inherit_color'  itemprop=\"text\" ><p style=\"text-align: center;\">Last but not least: sch\u00e4tze ich mich gl\u00fccklich Teil eines \u201ehumorvollen Rudels\u201c zu sein. Das sind meine Deutschdrahthaar-H\u00fcndin \u201eEdda\u201c sowie mein Hannoveraner-Wallach \u201eHenny\u201c. Sie sind die Sonne in jedem Tag und geben mir die Kraft f\u00fcr mein Tun.<\/p>\n<\/div><\/section>\n<div  class='flex_column av-1zttl-7a8b4fdbcd446cc741e15dbc5440fc0b av_one_fourth  avia-builder-el-20  el_after_av_textblock  el_before_av_one_fourth  first flex_column_div  column-top-margin'     ><\/div>\n<div  class='flex_column av-1qfe9-198dc3bd757f80c7479f59eefb15b1ee av_one_fourth  avia-builder-el-21  el_after_av_one_fourth  el_before_av_one_third  flex_column_div  column-top-margin'     ><\/div>\n<div  class='flex_column av-s8zt-6f280316abdca39a7ffbe3aa6824d50e av_one_third  avia-builder-el-22  el_after_av_one_fourth  el_before_av_one_full  flex_column_div  column-top-margin'     ><style type=\"text\/css\" data-created_by=\"avia_inline_auto\" id=\"style-css-av-m698njy3-c830586bdcd86a45040b6443795e4377\">\n.avia-image-container.av-m698njy3-c830586bdcd86a45040b6443795e4377 img.avia_image{\nbox-shadow:none;\n}\n.avia-image-container.av-m698njy3-c830586bdcd86a45040b6443795e4377 .av-image-caption-overlay-center{\ncolor:#ffffff;\n}\n<\/style>\n<div  class='avia-image-container av-m698njy3-c830586bdcd86a45040b6443795e4377 av-styling- avia-align-center  avia-builder-el-23  avia-builder-el-no-sibling '   itemprop=\"image\" itemscope=\"itemscope\" itemtype=\"https:\/\/schema.org\/ImageObject\" ><div class=\"avia-image-container-inner\"><div class=\"avia-image-overlay-wrap\"><img decoding=\"async\" fetchpriority=\"high\" class='wp-image-108 avia-img-lazy-loading-not-108 avia_image ' src=\"https:\/\/tierphysio-thp-lutz.de\/wp-content\/uploads\/2025\/01\/AngelikaLutz-300x69.png\" alt='' title='AngelikaLutz'  height=\"69\" width=\"300\"  itemprop=\"thumbnailUrl\" srcset=\"https:\/\/tierphysio-thp-lutz.de\/wp-content\/uploads\/2025\/01\/AngelikaLutz-300x69.png 300w, https:\/\/tierphysio-thp-lutz.de\/wp-content\/uploads\/2025\/01\/AngelikaLutz-1030x236.png 1030w, https:\/\/tierphysio-thp-lutz.de\/wp-content\/uploads\/2025\/01\/AngelikaLutz-768x176.png 768w, https:\/\/tierphysio-thp-lutz.de\/wp-content\/uploads\/2025\/01\/AngelikaLutz-1536x352.png 1536w, https:\/\/tierphysio-thp-lutz.de\/wp-content\/uploads\/2025\/01\/AngelikaLutz-1500x344.png 1500w, https:\/\/tierphysio-thp-lutz.de\/wp-content\/uploads\/2025\/01\/AngelikaLutz-705x162.png 705w, https:\/\/tierphysio-thp-lutz.de\/wp-content\/uploads\/2025\/01\/AngelikaLutz.png 1566w\" sizes=\"(max-width: 300px) 100vw, 300px\" \/><\/div><\/div><\/div><\/div>\n<div  class='flex_column av-13npx-883440d56bf97ef8c546da265b351ee4 av_one_full  avia-builder-el-24  el_after_av_one_third  avia-builder-el-last  first flex_column_div  column-top-margin'     ><style type=\"text\/css\" data-created_by=\"avia_inline_auto\" id=\"style-css-av-m7vvcbjj-432aadbcd619bdbe8667134536e1dd56\">\n.avia-image-container.av-m7vvcbjj-432aadbcd619bdbe8667134536e1dd56 img.avia_image{\nbox-shadow:none;\n}\n.avia-image-container.av-m7vvcbjj-432aadbcd619bdbe8667134536e1dd56 .av-image-caption-overlay-center{\ncolor:#ffffff;\n}\n<\/style>\n<div  class='avia-image-container av-m7vvcbjj-432aadbcd619bdbe8667134536e1dd56 av-styling- avia-align-center  avia-builder-el-25  avia-builder-el-no-sibling '   itemprop=\"image\" itemscope=\"itemscope\" itemtype=\"https:\/\/schema.org\/ImageObject\" ><div class=\"avia-image-container-inner\"><div class=\"avia-image-overlay-wrap\"><img decoding=\"async\" fetchpriority=\"high\" class='wp-image-1107 avia-img-lazy-loading-not-1107 avia_image ' src=\"https:\/\/tierphysio-thp-lutz.de\/wp-content\/uploads\/2025\/03\/AngelikaLutz-Tierphysio-aboutme.jpg\" alt='' title='AngelikaLutz-Tierphysio-aboutme'  height=\"852\" width=\"1772\"  itemprop=\"thumbnailUrl\" srcset=\"https:\/\/tierphysio-thp-lutz.de\/wp-content\/uploads\/2025\/03\/AngelikaLutz-Tierphysio-aboutme.jpg 1772w, https:\/\/tierphysio-thp-lutz.de\/wp-content\/uploads\/2025\/03\/AngelikaLutz-Tierphysio-aboutme-300x144.jpg 300w, https:\/\/tierphysio-thp-lutz.de\/wp-content\/uploads\/2025\/03\/AngelikaLutz-Tierphysio-aboutme-1030x495.jpg 1030w, https:\/\/tierphysio-thp-lutz.de\/wp-content\/uploads\/2025\/03\/AngelikaLutz-Tierphysio-aboutme-768x369.jpg 768w, https:\/\/tierphysio-thp-lutz.de\/wp-content\/uploads\/2025\/03\/AngelikaLutz-Tierphysio-aboutme-1536x739.jpg 1536w, https:\/\/tierphysio-thp-lutz.de\/wp-content\/uploads\/2025\/03\/AngelikaLutz-Tierphysio-aboutme-1500x721.jpg 1500w, https:\/\/tierphysio-thp-lutz.de\/wp-content\/uploads\/2025\/03\/AngelikaLutz-Tierphysio-aboutme-705x339.jpg 705w\" sizes=\"(max-width: 1772px) 100vw, 1772px\" \/><\/div><\/div><\/div><\/div>\n","protected":false},"excerpt":{"rendered":"","protected":false},"author":2,"featured_media":0,"parent":0,"menu_order":0,"comment_status":"closed","ping_status":"closed","template":"","meta":{"footnotes":""},"class_list":["post-25","page","type-page","status-publish","hentry"],"_links":{"self":[{"href":"https:\/\/tierphysio-thp-lutz.de\/index.php\/wp-json\/wp\/v2\/pages\/25","targetHints":{"allow":["GET"]}}],"collection":[{"href":"https:\/\/tierphysio-thp-lutz.de\/index.php\/wp-json\/wp\/v2\/pages"}],"about":[{"href":"https:\/\/tierphysio-thp-lutz.de\/index.php\/wp-json\/wp\/v2\/types\/page"}],"author":[{"embeddable":true,"href":"https:\/\/tierphysio-thp-lutz.de\/index.php\/wp-json\/wp\/v2\/users\/2"}],"replies":[{"embeddable":true,"href":"https:\/\/tierphysio-thp-lutz.de\/index.php\/wp-json\/wp\/v2\/comments?post=25"}],"version-history":[{"count":50,"href":"https:\/\/tierphysio-thp-lutz.de\/index.php\/wp-json\/wp\/v2\/pages\/25\/revisions"}],"predecessor-version":[{"id":1111,"href":"https:\/\/tierphysio-thp-lutz.de\/index.php\/wp-json\/wp\/v2\/pages\/25\/revisions\/1111"}],"wp:attachment":[{"href":"https:\/\/tierphysio-thp-lutz.de\/index.php\/wp-json\/wp\/v2\/media?parent=25"}],"curies":[{"name":"wp","href":"https:\/\/api.w.org\/{rel}","templated":true}]}}